{"id":1880,"date":"2023-03-31T12:09:54","date_gmt":"2023-03-31T12:09:54","guid":{"rendered":"https:\/\/azoresbravostrail.com\/program\/"},"modified":"2026-01-21T09:53:18","modified_gmt":"2026-01-21T09:53:18","slug":"program","status":"publish","type":"page","link":"https:\/\/azoresbravostrail.com\/en\/program\/","title":{"rendered":"Program"},"content":{"rendered":"<p><section data-bb-version=\"5.2.6\" id=\"bt_bb_section6a0717df77172\" class=\"bt_bb_section bt_bb_layout_boxed_1200 bt_bb_vertical_align_top bt_bb_top_spacing_extra_large bt_bb_bottom_spacing_large\"  data-bt-override-class=\"{&quot;bt_bb_top_spacing_&quot;:{&quot;current_class&quot;:&quot;bt_bb_top_spacing_extra_large&quot;,&quot;def&quot;:&quot;extra_large&quot;},&quot;bt_bb_bottom_spacing_&quot;:{&quot;current_class&quot;:&quot;bt_bb_bottom_spacing_large&quot;,&quot;def&quot;:&quot;large&quot;},&quot;bt_bb_animation_&quot;:{&quot;current_class&quot;:&quot;bt_bb_animation_no_animation&quot;,&quot;def&quot;:&quot;no_animation&quot;}}\"><div class=\"bt_bb_background_image_holder_wrapper\"><div class=\"bt_bb_background_image_holder btLazyLoadBackground bt_bb_parallax\"  data-background_image_src=\"https:\/\/azoresbravostrail.com\/wp-content\/uploads\/2025\/02\/Bravos-Trail_1-1.jpg\" data-parallax=\"0.7\" data-parallax-offset=\"0\" data-parallax-zoom-start=\"1\" data-parallax-zoom-end=\"1\" data-parallax-blur-start=\"0\" data-parallax-blur-end=\"0\" data-parallax-opacity-start=\"1\" data-parallax-opacity-end=\"1\" style=\" background-image: url(&#039;https:\/\/azoresbravostrail.com\/wp-content\/plugins\/bold-page-builder\/img\/blank.gif&#039;);\"><\/div><\/div><div class=\"bt_bb_port\"><div class=\"bt_bb_cell\"><div class=\"bt_bb_cell_inner\"><div class=\"bt_bb_row \"  data-bt-override-class=\"{}\"><div class=\"bt_bb_row_holder\" ><div  class=\"bt_bb_column col-xxl-12 col-xl-12 col-xs-12 col-sm-12 col-md-12 col-lg-12 bt_bb_vertical_align_top bt_bb_align_center bt_bb_padding_normal\" style=\"; --column-width:12;\" data-width=\"12\" data-bt-override-class=\"{&quot;bt_bb_align_&quot;:{&quot;current_class&quot;:&quot;bt_bb_align_center&quot;,&quot;def&quot;:&quot;center&quot;,&quot;xl&quot;:&quot;center&quot;},&quot;bt_bb_padding_&quot;:{&quot;current_class&quot;:&quot;bt_bb_padding_normal&quot;,&quot;def&quot;:&quot;normal&quot;,&quot;xl&quot;:&quot;normal&quot;}}\"><div class=\"bt_bb_column_content\"><div class=\"bt_bb_column_content_inner\"><header class=\"bt_bb_headline bt_bb_subheadline_text_transform_default bt_bb_dash_none bt_bb_size_inherit bt_bb_align_inherit\" style=\";color:rgb(255,255,255);border-color:rgb(255,255,255);\" data-bt-override-class=\"{&quot;bt_bb_size_&quot;:{&quot;current_class&quot;:&quot;bt_bb_size_inherit&quot;,&quot;def&quot;:&quot;inherit&quot;,&quot;xl&quot;:&quot;inherit&quot;},&quot;bt_bb_align_&quot;:{&quot;current_class&quot;:&quot;bt_bb_align_inherit&quot;,&quot;def&quot;:&quot;inherit&quot;,&quot;xl&quot;:&quot;inherit&quot;}}\"><h1 class=\"bt_bb_headline_tag\"><span class=\"bt_bb_headline_content\"><span>PROGRAM<\/span><\/span><\/h1><\/header><\/div><\/div><\/div><\/div><\/div><\/div><!-- cell_inner --><\/div><!-- cell --><\/div><!-- port --><\/section><section id=\"bt_bb_section6a0717df7755f\" class=\"bt_bb_section bt_bb_layout_boxed_1200 bt_bb_vertical_align_top bt_bb_top_spacing_normal bt_bb_bottom_spacing_normal\"  data-bt-override-class=\"{&quot;bt_bb_top_spacing_&quot;:{&quot;current_class&quot;:&quot;bt_bb_top_spacing_normal&quot;,&quot;def&quot;:&quot;normal&quot;,&quot;xl&quot;:&quot;normal&quot;},&quot;bt_bb_bottom_spacing_&quot;:{&quot;current_class&quot;:&quot;bt_bb_bottom_spacing_normal&quot;,&quot;def&quot;:&quot;normal&quot;,&quot;xl&quot;:&quot;normal&quot;}}\"><div class=\"bt_bb_port\"><div class=\"bt_bb_cell\"><div class=\"bt_bb_cell_inner\"><div class=\"bt_bb_row \"  data-bt-override-class=\"{}\"><div class=\"bt_bb_row_holder\" ><div  class=\"bt_bb_column col-xxl-12 col-xl-12 col-xs-12 col-sm-12 col-md-12 col-lg-12 bt_bb_vertical_align_top bt_bb_align_left bt_bb_padding_normal\" style=\"; --column-width:12;\" data-width=\"12\" data-bt-override-class=\"{}\"><div class=\"bt_bb_column_content\"><div class=\"bt_bb_column_content_inner\"><div  class=\"bt_bb_text\" ><\/p>\n<p data-start=\"0\" data-end=\"48\"><strong data-start=\"0\" data-end=\"20\">February 1, 2026<\/strong><br data-start=\"20\" data-end=\"23\" \/>Opening of registrations.<\/p>\n<p data-start=\"50\" data-end=\"118\"><strong data-start=\"50\" data-end=\"69\">August 31, 2026<\/strong><br data-start=\"69\" data-end=\"72\" \/>Registration closes (if not sold out earlier).<\/p>\n<p data-start=\"120\" data-end=\"202\"><strong data-start=\"120\" data-end=\"142\">September 28, 2026<\/strong><br data-start=\"142\" data-end=\"145\" \/>Azores Bravos Trail\u00ae 2026 briefing broadcast on Facebook.<\/p>\n<hr data-start=\"204\" data-end=\"207\" \/>\n<p data-start=\"209\" data-end=\"290\"><strong data-start=\"209\" data-end=\"228\">October 1, 2026<\/strong><br data-start=\"228\" data-end=\"231\" \/>2:00 pm \u2013 8:00 pm \u2013 Race Office (location to be confirmed).<\/p>\n<hr data-start=\"292\" data-end=\"295\" \/>\n<p data-start=\"297\" data-end=\"378\"><strong data-start=\"297\" data-end=\"316\">October 2, 2026<\/strong><br data-start=\"316\" data-end=\"319\" \/>2:00 pm \u2013 8:00 pm \u2013 Race Office (location to be confirmed).<\/p>\n<p data-start=\"380\" data-end=\"481\">10:20 pm \u2013 Meeting point in Angra do Hero\u00edsmo (Cerrado do Bail\u00e3o) for transfer to the AzBT\u00ae_100 race.<\/p>\n<p data-start=\"483\" data-end=\"679\">10:30 pm \u2013 Bus transfer from Angra do Hero\u00edsmo (Cerrado do Bail\u00e3o) to Praia da Vit\u00f3ria for AzBT\u00ae_100 participants (approx. 30 minutes), only for those who selected this option during registration.<\/p>\n<p data-start=\"681\" data-end=\"763\">10:45 pm \u2013 Distribution of GPS trackers to AzBT\u00ae_100 athletes near the start area.<\/p>\n<hr data-start=\"765\" data-end=\"768\" \/>\n<p data-start=\"770\" data-end=\"789\"><strong data-start=\"770\" data-end=\"789\">October 3, 2026<\/strong><\/p>\n<p data-start=\"791\" data-end=\"870\">12:00 am \u2013 Start of the AzBT\u00ae_100 race at Miradouro do Facho, Praia da Vit\u00f3ria.<\/p>\n<p data-start=\"872\" data-end=\"971\">6:30 am \u2013 Meeting point in Angra do Hero\u00edsmo (Cerrado do Bail\u00e3o) for transfer to the AzBT\u00ae_50 race.<\/p>\n<p data-start=\"973\" data-end=\"1158\">6:45 am \u2013 Bus transfer from Angra do Hero\u00edsmo (Cerrado do Bail\u00e3o) to Agualva for AzBT\u00ae_50 participants (approx. 30 minutes), only for those who selected this option during registration.<\/p>\n<p data-start=\"1160\" data-end=\"1259\">6:45 am \u2013 Meeting point in Praia da Vit\u00f3ria (Hotel Praia Marina) for transfer to the AzBT\u00ae_50 race.<\/p>\n<p data-start=\"1261\" data-end=\"1446\">7:00 am \u2013 Bus transfer from Praia da Vit\u00f3ria (Hotel Praia Marina) to Agualva for AzBT\u00ae_50 participants (approx. 15 minutes), only for those who selected this option during registration.<\/p>\n<p data-start=\"1448\" data-end=\"1547\">7:50 am \u2013 Meeting point in Angra do Hero\u00edsmo (Cerrado do Bail\u00e3o) for transfer to the AzBT\u00ae_35 race.<\/p>\n<p data-start=\"1549\" data-end=\"1648\">7:50 am \u2013 Meeting point in Praia da Vit\u00f3ria (Hotel Praia Marina) for transfer to the AzBT\u00ae_35 race.<\/p>\n<p data-start=\"1650\" data-end=\"1713\">8:00 am \u2013 Start of the AzBT\u00ae_50 race on Rua da Igreja, Agualva.<\/p>\n<p data-start=\"1715\" data-end=\"1919\">8:00 am \u2013 Bus transfer from Angra do Hero\u00edsmo (Cerrado do Bail\u00e3o) to the Biscoitos Bathing Area for AzBT\u00ae_35 participants (approx. 40 minutes), only for those who selected this option during registration.<\/p>\n<p data-start=\"1921\" data-end=\"2125\">8:00 am \u2013 Bus transfer from Praia da Vit\u00f3ria (Hotel Praia Marina) to the Biscoitos Bathing Area for AzBT\u00ae_35 participants (approx. 40 minutes), only for those who selected this option during registration.<\/p>\n<p data-start=\"2127\" data-end=\"2239\">9:00 am \u2013 Meeting point in Praia da Vit\u00f3ria (Hotel Praia Marina) for transfer to the AzBT\u00ae_15 and AzBT\u00ae_C races.<\/p>\n<p data-start=\"2241\" data-end=\"2462\">9:10 am \u2013 Bus transfer from Praia da Vit\u00f3ria (Hotel Praia Marina) to Largo do Terreiro, Posto Santo, for AzBT\u00ae_15 and AzBT\u00ae_C participants (approx. 40 minutes), only for those who selected this option during registration.<\/p>\n<p data-start=\"2464\" data-end=\"2576\">9:30 am \u2013 Meeting point in Angra do Hero\u00edsmo (Cerrado do Bail\u00e3o) for transfer to the AzBT\u00ae_15 and AzBT\u00ae_C races.<\/p>\n<p data-start=\"2578\" data-end=\"2799\">9:40 am \u2013 Bus transfer from Angra do Hero\u00edsmo (Cerrado do Bail\u00e3o) to Largo do Terreiro, Posto Santo, for AzBT\u00ae_15 and AzBT\u00ae_C participants (approx. 15 minutes), only for those who selected this option during registration.<\/p>\n<p data-start=\"2801\" data-end=\"2869\">10:00 am \u2013 Start of the AzBT\u00ae_35 race at the Biscoitos Bathing Area.<\/p>\n<p data-start=\"2871\" data-end=\"2943\">11:30 am \u2013 Start of the AzBT\u00ae_15 race at Largo do Terreiro, Posto Santo.<\/p>\n<p data-start=\"2945\" data-end=\"3017\">11:45 am \u2013 Start of the AzBT\u00ae_C races at Largo do Terreiro, Posto Santo.<\/p>\n<p data-start=\"3019\" data-end=\"3113\"><strong data-start=\"3019\" data-end=\"3038\">To be announced<\/strong> \u2013 Prize-giving ceremony at Parque Municipal do Relv\u00e3o (Angra do Hero\u00edsmo).<\/p>\n<p data-start=\"3115\" data-end=\"3204\" data-is-last-node=\"\" data-is-only-node=\"\"><strong data-start=\"3115\" data-end=\"3124\">NOTE:<\/strong> For reasons of force majeure, schedules and locations may be subject to change.<\/p>\n<p>\n<\/div><\/div><\/div><\/div><\/div><\/div><\/div><!-- cell_inner --><\/div><!-- cell --><\/div><!-- port --><\/section><\/p>\n","protected":false},"excerpt":{"rendered":"","protected":false},"author":1,"featured_media":0,"parent":0,"menu_order":0,"comment_status":"closed","ping_status":"closed","template":"","meta":{"om_disable_all_campaigns":false,"footnotes":""},"class_list":["post-1880","page","type-page","status-publish","hentry"],"yoast_head":"<!-- This site is optimized with the Yoast SEO plugin v27.6 - https:\/\/yoast.com\/product\/yoast-seo-wordpress\/ -->\n<title>Program - Azores Bravos Trail<\/title>\n<meta name=\"robots\" content=\"index, follow, max-snippet:-1, max-image-preview:large, max-video-preview:-1\" \/>\n<link rel=\"canonical\" href=\"https:\/\/azoresbravostrail.com\/en\/program\/\" \/>\n<meta property=\"og:locale\" content=\"en_US\" \/>\n<meta property=\"og:type\" content=\"article\" \/>\n<meta property=\"og:title\" content=\"Program - Azores Bravos Trail\" \/>\n<meta property=\"og:url\" content=\"https:\/\/azoresbravostrail.com\/en\/program\/\" \/>\n<meta property=\"og:site_name\" content=\"Azores Bravos Trail\" \/>\n<meta property=\"article:modified_time\" content=\"2026-01-21T09:53:18+00:00\" \/>\n<meta name=\"twitter:card\" content=\"summary_large_image\" \/>\n<meta name=\"twitter:label1\" content=\"Est. reading time\" \/>\n\t<meta name=\"twitter:data1\" content=\"2 minutes\" \/>\n<script type=\"application\/ld+json\" class=\"yoast-schema-graph\">{\"@context\":\"https:\\\/\\\/schema.org\",\"@graph\":[{\"@type\":\"WebPage\",\"@id\":\"https:\\\/\\\/azoresbravostrail.com\\\/en\\\/program\\\/\",\"url\":\"https:\\\/\\\/azoresbravostrail.com\\\/en\\\/program\\\/\",\"name\":\"Program - Azores Bravos Trail\",\"isPartOf\":{\"@id\":\"https:\\\/\\\/linen-penguin-642367.hostingersite.com\\\/#website\"},\"datePublished\":\"2023-03-31T12:09:54+00:00\",\"dateModified\":\"2026-01-21T09:53:18+00:00\",\"breadcrumb\":{\"@id\":\"https:\\\/\\\/azoresbravostrail.com\\\/en\\\/program\\\/#breadcrumb\"},\"inLanguage\":\"en-US\",\"potentialAction\":[{\"@type\":\"ReadAction\",\"target\":[\"https:\\\/\\\/azoresbravostrail.com\\\/en\\\/program\\\/\"]}]},{\"@type\":\"BreadcrumbList\",\"@id\":\"https:\\\/\\\/azoresbravostrail.com\\\/en\\\/program\\\/#breadcrumb\",\"itemListElement\":[{\"@type\":\"ListItem\",\"position\":1,\"name\":\"Home\",\"item\":\"https:\\\/\\\/azoresbravostrail.com\\\/en\\\/homepage\\\/\"},{\"@type\":\"ListItem\",\"position\":2,\"name\":\"Program\"}]},{\"@type\":\"WebSite\",\"@id\":\"https:\\\/\\\/linen-penguin-642367.hostingersite.com\\\/#website\",\"url\":\"https:\\\/\\\/linen-penguin-642367.hostingersite.com\\\/\",\"name\":\"Azores Bravos Trail\",\"description\":\"trail running event in the azores\",\"potentialAction\":[{\"@type\":\"SearchAction\",\"target\":{\"@type\":\"EntryPoint\",\"urlTemplate\":\"https:\\\/\\\/linen-penguin-642367.hostingersite.com\\\/?s={search_term_string}\"},\"query-input\":{\"@type\":\"PropertyValueSpecification\",\"valueRequired\":true,\"valueName\":\"search_term_string\"}}],\"inLanguage\":\"en-US\"}]}<\/script>\n<!-- \/ Yoast SEO plugin. -->","yoast_head_json":{"title":"Program - Azores Bravos Trail","robots":{"index":"index","follow":"follow","max-snippet":"max-snippet:-1","max-image-preview":"max-image-preview:large","max-video-preview":"max-video-preview:-1"},"canonical":"https:\/\/azoresbravostrail.com\/en\/program\/","og_locale":"en_US","og_type":"article","og_title":"Program - Azores Bravos Trail","og_url":"https:\/\/azoresbravostrail.com\/en\/program\/","og_site_name":"Azores Bravos Trail","article_modified_time":"2026-01-21T09:53:18+00:00","twitter_card":"summary_large_image","twitter_misc":{"Est. reading time":"2 minutes"},"schema":{"@context":"https:\/\/schema.org","@graph":[{"@type":"WebPage","@id":"https:\/\/azoresbravostrail.com\/en\/program\/","url":"https:\/\/azoresbravostrail.com\/en\/program\/","name":"Program - Azores Bravos Trail","isPartOf":{"@id":"https:\/\/linen-penguin-642367.hostingersite.com\/#website"},"datePublished":"2023-03-31T12:09:54+00:00","dateModified":"2026-01-21T09:53:18+00:00","breadcrumb":{"@id":"https:\/\/azoresbravostrail.com\/en\/program\/#breadcrumb"},"inLanguage":"en-US","potentialAction":[{"@type":"ReadAction","target":["https:\/\/azoresbravostrail.com\/en\/program\/"]}]},{"@type":"BreadcrumbList","@id":"https:\/\/azoresbravostrail.com\/en\/program\/#breadcrumb","itemListElement":[{"@type":"ListItem","position":1,"name":"Home","item":"https:\/\/azoresbravostrail.com\/en\/homepage\/"},{"@type":"ListItem","position":2,"name":"Program"}]},{"@type":"WebSite","@id":"https:\/\/linen-penguin-642367.hostingersite.com\/#website","url":"https:\/\/linen-penguin-642367.hostingersite.com\/","name":"Azores Bravos Trail","description":"trail running event in the azores","potentialAction":[{"@type":"SearchAction","target":{"@type":"EntryPoint","urlTemplate":"https:\/\/linen-penguin-642367.hostingersite.com\/?s={search_term_string}"},"query-input":{"@type":"PropertyValueSpecification","valueRequired":true,"valueName":"search_term_string"}}],"inLanguage":"en-US"}]}},"_links":{"self":[{"href":"https:\/\/azoresbravostrail.com\/en\/wp-json\/wp\/v2\/pages\/1880","targetHints":{"allow":["GET"]}}],"collection":[{"href":"https:\/\/azoresbravostrail.com\/en\/wp-json\/wp\/v2\/pages"}],"about":[{"href":"https:\/\/azoresbravostrail.com\/en\/wp-json\/wp\/v2\/types\/page"}],"author":[{"embeddable":true,"href":"https:\/\/azoresbravostrail.com\/en\/wp-json\/wp\/v2\/users\/1"}],"replies":[{"embeddable":true,"href":"https:\/\/azoresbravostrail.com\/en\/wp-json\/wp\/v2\/comments?post=1880"}],"version-history":[{"count":9,"href":"https:\/\/azoresbravostrail.com\/en\/wp-json\/wp\/v2\/pages\/1880\/revisions"}],"predecessor-version":[{"id":2184,"href":"https:\/\/azoresbravostrail.com\/en\/wp-json\/wp\/v2\/pages\/1880\/revisions\/2184"}],"wp:attachment":[{"href":"https:\/\/azoresbravostrail.com\/en\/wp-json\/wp\/v2\/media?parent=1880"}],"curies":[{"name":"wp","href":"https:\/\/api.w.org\/{rel}","templated":true}]}}